{"id":321,"date":"2023-12-11T23:00:27","date_gmt":"2023-12-11T22:00:27","guid":{"rendered":"https:\/\/www.bada.es\/aviso-legal\/"},"modified":"2024-01-12T09:17:52","modified_gmt":"2024-01-12T08:17:52","slug":"legal-notice","status":"publish","type":"page","link":"https:\/\/www.bada.es\/fr\/legal-notice\/","title":{"rendered":"Mentions l\u00e9gales et Politique de confidentialit\u00e9"},"content":{"rendered":"\t\t<div data-elementor-type=\"wp-page\" data-elementor-id=\"321\" class=\"elementor elementor-321 elementor-270\" data-elementor-post-type=\"page\">\n\t\t\t\t\t\t\t<div class=\"elementor-element elementor-element-71b6777c e-flex e-con-boxed e-con e-parent\" data-id=\"71b6777c\" data-element_type=\"container\" data-settings=\"{&quot;content_width&quot;:&quot;boxed&quot;}\" data-core-v316-plus=\"true\">\n\t\t\t\t\t<div class=\"e-con-inner\">\n\t\t\t\t<div class=\"elementor-element elementor-element-df09539 elementor-widget elementor-widget-heading\" data-id=\"df09539\" data-element_type=\"widget\" data-widget_type=\"heading.default\">\n\t\t\t\t<div class=\"elementor-widget-container\">\n\t\t\t<style>\/*! elementor - v3.18.0 - 20-12-2023 *\/\n.elementor-heading-title{padding:0;margin:0;line-height:1}.elementor-widget-heading .elementor-heading-title[class*=elementor-size-]>a{color:inherit;font-size:inherit;line-height:inherit}.elementor-widget-heading .elementor-heading-title.elementor-size-small{font-size:15px}.elementor-widget-heading .elementor-heading-title.elementor-size-medium{font-size:19px}.elementor-widget-heading .elementor-heading-title.elementor-size-large{font-size:29px}.elementor-widget-heading .elementor-heading-title.elementor-size-xl{font-size:39px}.elementor-widget-heading .elementor-heading-title.elementor-size-xxl{font-size:59px}<\/style><h1 class=\"elementor-heading-title elementor-size-default\">Mentions l\u00e9gales et Politique de confidentialit\u00e9<\/h1>\t\t<\/div>\n\t\t\t\t<\/div>\n\t\t\t\t<div class=\"elementor-element elementor-element-d93dbed elementor-widget elementor-widget-text-editor\" data-id=\"d93dbed\" data-element_type=\"widget\" data-widget_type=\"text-editor.default\">\n\t\t\t\t<div class=\"elementor-widget-container\">\n\t\t\t<style>\/*! elementor - v3.18.0 - 20-12-2023 *\/\n.elementor-widget-text-editor.elementor-drop-cap-view-stacked .elementor-drop-cap{background-color:#69727d;color:#fff}.elementor-widget-text-editor.elementor-drop-cap-view-framed .elementor-drop-cap{color:#69727d;border:3px solid;background-color:transparent}.elementor-widget-text-editor:not(.elementor-drop-cap-view-default) .elementor-drop-cap{margin-top:8px}.elementor-widget-text-editor:not(.elementor-drop-cap-view-default) .elementor-drop-cap-letter{width:1em;height:1em}.elementor-widget-text-editor .elementor-drop-cap{float:left;text-align:center;line-height:1;font-size:50px}.elementor-widget-text-editor .elementor-drop-cap-letter{display:inline-block}<\/style>\t\t\t\t<p><strong>RESPONSIBILITY FOR THE PROCESSING OF DATA<\/strong><\/p><p>In compliance with the reporting obligations established by Law 34\/2002, of 11 July, covering Information Society and Electronic Commerce Services, this is to inform you that this website is the property of:<\/p><p>Company name: BADA S.A. (hereinafter the Company Manager)<br \/>CIF \/ NIF: <span class=\"oe_form_field oe_form_field_char oe_inline\"><span class=\"oe_form_char_content\">A08349839<\/span><\/span>.<br \/>Registered Office: Carrer Antoni Gaud\u00ed, 7 \u2013 08349 CABRERA DE MAR (Barcelona) SPAIN<br \/>Tel.: 34 93 759 52 12<br \/>E-Mail:<a href=\"mailto:bada@bada.es\"> bada@bada.es<\/a><br \/>Domain name: https:\/\/www.bada.es(hereinafter the Website)<\/p><p><strong>OBJECTIVE<\/strong><\/p><p>In order to comply with the provisions of the legislation regarding data protection, within the framework of the new regulations established by EU Regulation 2016\/679 of the European Parliament and Council, of 27 April 2016, covering the protection of individuals with regard to the processing of personal data and controlling the free movement of such data (hereinafter, the \u201cRGPD\u201d), as well as all national regulations covering the field of protection of personal data, the Company Manager makes this document available to all users of this website. It is intended to inform all users of the conditions of its use.<\/p><p>Anyone who accesses this website takes on the role of user, and undertakes to observe and strictly comply with the provisions set forth herein, as well as any other applicable legal provisions.<\/p><p>The Company Manager reserves the right to modify any information that may appear on the website, without any obligation to inform users previously of such changes. It is understood that with the publication of any changes on the website users are considered to have been informed.<\/p><p><strong>RESPONSIBILITY<\/strong><\/p><p>The Company Manager is exempted from any type of liability derived from information published on this website that has been manipulated or introduced by a third party without the Company Manager\u2019s knowledge or approval.<\/p><p><strong>IP ADDRESSES<\/strong><\/p><p>The website\u2019s servers will be able to automatically detect the IP address and domain name used by each user.<\/p><p>An IP address is a number automatically assigned to a computer when it is connected to the Internet. All of this information is recorded on an activity monitoring file on the server. It is duly registered, allowing the subsequent processing of data with the purpose of obtaining statistics that allow the website owner to learn the number of times a page has been read, the number of visits that have been made to the web server, the order of such visits, their point of access, etc.<\/p><p><strong>POLICY COVERING LINKS<\/strong><\/p><p>From this website, you may be redirected to content from third-party websites. Given that the Company Manager cannot control content introduced by third parties on their web sites, the Company Manager assumes no responsibility for such content. However, the Company Manager does undertake to immediately remove, on awareness of its existence, any link to content that could violate national or international legislation, or offend against morality or public order. He further promises to inform the competent authorities of the content in question.<\/p><p>The Company Manager will not be held responsible for information and content stored in, for example (but not limited to) forums, chats, blog generators, comments, social networks or any other means that allows third parties to publish independent content on the company\u2019s web site. However, in compliance with the provisions of Articles 11 and 16 of the LSSICE, the Company Manager will be available to all users, authorities and security forces, in actively collaborating in the withdrawal or, if necessary, the blocking of any content that may affect or contravene national law, international, compromise third parties\u2019 rights or offend against morality and public order. In the event that a user deems that a contravention of the above points exists on the web site, please inform the administrator of the website immediately, so that any such content can be swiftly dealt with.<\/p><p>This web site has been reviewed and tested to ensure its proper functioning. In principle, we guarantee the correct functioning of the website 365 days a year and 24 hours a day However, the Company Manager does not rule out the possibility that certain programming errors may exist, or that events beyond the Company Manager\u2019s control, such as natural disasters, strikes, or similar circumstances, could make it impossible to access the web page.<\/p><p><strong>DATA PROTECTION<\/strong><\/p><p>The Company Manager is deeply committed to complying with all regulations in force with regards data protection, and to respecting all the points outlined in the new regulatory framework covering data processing established by EU Regulation (EU) 2016\/679 of the European Parliament and Council of April 27 2016, with regards protecting individual\u2019s personal data and the free movement of that data (hereinafter, the \u201cRGPD\u201d), as well as any appropriate national regulations on data protection of a personal nature.<\/p><p>At the same time, the Company Manager agrees to comply with Law 34\/2002 dated 11 July, covering Information Society and e-commerce Services and may ask for your consent to process your data for commercial purposes at any time.<\/p><p><strong>INTELLECTUAL AND INDUSTRIAL PROPERTY<\/strong><\/p><p>The website, including its title, but not limited to that, its programming, edition, compilation and other elements necessary for its operation such as designs, logos, text and\/or graphics remain the property of the Company Manager or, where appropriate, the licensee or other person expressly authorized by the Company Manager to produce content.<\/p><p>All the content on the website is duly protected by the regulations covering intellectual and industrial property.<\/p><p>Regardless of the purpose for which they are intended, the total or partial reproduction, use, exploitation, distribution and marketing of any content of this website, requires, in all cases, the prior written permission of the Company Manager. Any use not authorized by the Company Manager will be considered a serious breach of the intellectual or industrial property rights of the site\u2019s creators.<\/p><p>Any designs, logos, text and\/or graphics alien to the Company Manager that may appear on the website belong to their respective owners, and those responsible for them will be held accountable for any dispute that may arise with respect to these. In any case, the Company Manager reserves the right to insist on prior and express authorization for such content to appear on the website.<\/p><p>The Company Manager expressly authorizes third parties to redirect directly to specific contents of this website, and in any case redirect to its home page.<\/p><p>The Company Manager recognises the rights holders of intellectual and industrial property that may appear or receive a single mention on the website. However, the Company Manager does not claim any rights or responsibilities for any of these mentions or appearances, nor does their appearance imply the Company Manager\u2019s endorsement, sponsorship or recommendation of the same.<\/p><p>As much as the design software allows, all images used on the website have been credited to the corresponding authors and any corresponding licenses have been sought.<\/p><p>For any type of observation with respect to any possible infringement of intellectual or industrial property rights, as well as any query about content on the website, please contact the Company Manager via the following email: <a href=\"mailto:bada@bada.es\">bada@bada.es<\/a><\/p><p><strong>PRIVACY POLICY<\/strong><\/p><p><strong>1.- Information for Users <\/strong><\/p><p>BADA S.A. wishes to inform all users of this web site of its policy with respect to the treatment and protection of users and customers\u2019 personal data collected when navigating this web site.<\/p><p>BADA S.A. is in charge of processing a user\u2019s personal data. For that reason, the following information is provided regarding the handling of such data:<\/p><p><strong>The Purpose of Data Handling :<\/strong> is to maintain a commercial relationship with the user. The planned operations to be carried out when handling data are:<\/p><p>-The sending out of commercial communications by e-mail, fax, SMS, MMS, social networks or any other electronic or physical means, in current or future use, that makes commercial communications possible. These communications will be sent out by BADA S.A. and will be related to the company\u2019s products and services, or those of the company\u2019s collaborators or suppliers with whom it has reached a promotional agreement. In such cases, these third parties will never have access to personal data submitted to our website.<\/p><p>\u2013 Data handling is also used to process orders or requests made by the user through any of the contact forms that are at their disposal.<\/p><p><strong>Criteria for conserving data : <\/strong>any personal data provided will remain on our servers until the interested party asks for it to be removed by exercising their rights over the data in compliance with any legal regulations that may apply.<\/p><p><strong>Communication or ceding of data :<\/strong> any such actions will be processed by BADA S.A. , for its partners and service providers.<\/p><p><strong>Rights of the User:<br \/><\/strong><\/p><p>\u2013 The right to withdraw their consent at any time.<\/p><p>\u2013 The right of access, rectification, deletion, portability of pertinent data and the limitation or opposition to its handling, as well as the right not to have the data handled by individual automated decisions.<\/p><p><strong>Contact data in order to exercise your rights:<\/strong><\/p><p>You should identify yourself correctly and clearly request the right to exercise your rights over the data.<\/p><p>\u2013 Postal address: BADA S.A. , Carrer Antoni Gaud\u00ed, 7 \u2013 08349 CABRERA DE MAR (Barcelona) SPAIN<br \/>\u2013 E-mail address: <a href=\"mailto:bada@bada.es\">bada@bada.es<\/a><\/p><p><strong>2.- Information provided by the User<\/strong><\/p><p>If you are under 18 years of age you are not allowed to use any forms on our website.<br \/>When users enter data in the contact forms or submit downloaded forms, they expressly accept, freely and unequivocally, that any such data is necessary in order for the Company Manager to process their request. They also agree that the inclusion of data in the remaining fields is voluntary.<\/p><p>The user guarantees that the personal data provided is truthful and the user is responsible for communicating any changes necessary.<\/p><p>All the data provided through the web site is required in order to provide an optimal service for the user. In cases where users do not provide all the information needed, there can be no guarantee that the information and services that the Company Manager offers can be completely tailored to the user\u2019s needs.<\/p><p><strong>3. Security measures<\/strong><\/p><p>In accordance with the provisions of current legislation regarding the protection of personal data, the Company Manager affirms that they are in compliance with all the provisions of the RGPD and LOPD (Data Protection Act) covering the handling of personal data under their responsibility, and manifestly agrees to conform to the principles described in Article 5 of the RGPD and in Article 4 of the LOPD, by which such data are to be treated lawfully, loyally and transparently in relation to the interested party and such data will only be suitable, relevant and limited to what is necessary to carry out the purposes for which it is being handled.<\/p><p>The Company Manager guarantees that he or she has implemented the appropriate technical and organizational policies needed in order to apply the security measures established by the RGPD and the LOPD in protecting user rights and freedoms and has communicated the appropriate information to the user so that they can exercise these rights should they wish.<\/p><p><strong>4. Security Breaches <\/strong><\/p><p>The Company Manager undertakes to inform each and every user, whose data may have been affected, about any security breach affecting the database this web site uses, or which affects any of our services to third parties. Such incidents will also be reported to the appropriate authorities within 72 hours of the detection of any such breach.<\/p><p><strong>APPLICABLE LEGISLATION AND JURISDICTION<\/strong><\/p><p>For the resolution of all disputes or issues concerning this website, or the activities it is involved in, the relevant legislation that will be applied is that of Spanish legislation. Both parties expressly affirm that the Courts and Tribunals of Barcelona will be competent in the resolution of all disputes arising from or related to the use of this website.<\/p>\t\t\t\t\t\t<\/div>\n\t\t\t\t<\/div>\n\t\t\t\t\t<\/div>\n\t\t\t\t<\/div>\n\t\t\t\t\t\t\t<\/div>\n\t\t","protected":false},"excerpt":{"rendered":"<p>RESPONSIBILITY FOR THE PROCESSING OF DATA In compliance with the reporting obligations established by Law 34\/2002, of 11 July, covering Information Society and Electronic Commerce Services, this is to inform you that this website is the property of: Company name: BADA S.A. (hereinafter the Company Manager)CIF \/ NIF: A08349839.Registered Office: Carrer Antoni Gaud\u00ed, 7 \u2013 [&hellip;]<\/p>\n","protected":false},"author":1,"featured_media":0,"parent":0,"menu_order":0,"comment_status":"closed","ping_status":"closed","template":"","meta":{"footnotes":""},"class_list":["post-321","page","type-page","status-publish","hentry"],"yoast_head":"<!-- This site is optimized with the Yoast SEO plugin v21.7 - https:\/\/yoast.com\/wordpress\/plugins\/seo\/ -->\n<title>Mentions l\u00e9gales et Politique de confidentialit\u00e9 - BADA S.A. Fils el\u00e0stics<\/title>\n<meta name=\"robots\" content=\"index, follow, max-snippet:-1, max-image-preview:large, max-video-preview:-1\" \/>\n<link rel=\"canonical\" href=\"https:\/\/www.bada.es\/fr\/legal-notice\/\" \/>\n<meta property=\"og:locale\" content=\"fr_FR\" \/>\n<meta property=\"og:type\" content=\"article\" \/>\n<meta property=\"og:title\" content=\"Mentions l\u00e9gales et Politique de confidentialit\u00e9 - BADA S.A. Fils el\u00e0stics\" \/>\n<meta property=\"og:description\" content=\"RESPONSIBILITY FOR THE PROCESSING OF DATA In compliance with the reporting obligations established by Law 34\/2002, of 11 July, covering Information Society and Electronic Commerce Services, this is to inform you that this website is the property of: Company name: BADA S.A. (hereinafter the Company Manager)CIF \/ NIF: A08349839.Registered Office: Carrer Antoni Gaud\u00ed, 7 \u2013 [&hellip;]\" \/>\n<meta property=\"og:url\" content=\"https:\/\/www.bada.es\/fr\/legal-notice\/\" \/>\n<meta property=\"og:site_name\" content=\"BADA S.A. Fils el\u00e0stics\" \/>\n<meta property=\"article:modified_time\" content=\"2024-01-12T08:17:52+00:00\" \/>\n<meta name=\"twitter:card\" content=\"summary_large_image\" \/>\n<meta name=\"twitter:label1\" content=\"Dur\u00e9e de lecture estim\u00e9e\" \/>\n\t<meta name=\"twitter:data1\" content=\"10 minutes\" \/>\n<script type=\"application\/ld+json\" class=\"yoast-schema-graph\">{\"@context\":\"https:\/\/schema.org\",\"@graph\":[{\"@type\":\"WebPage\",\"@id\":\"https:\/\/www.bada.es\/fr\/legal-notice\/\",\"url\":\"https:\/\/www.bada.es\/fr\/legal-notice\/\",\"name\":\"Mentions l\u00e9gales et Politique de confidentialit\u00e9 - BADA S.A. Fils el\u00e0stics\",\"isPartOf\":{\"@id\":\"https:\/\/www.bada.es\/fr\/#website\"},\"datePublished\":\"2023-12-11T22:00:27+00:00\",\"dateModified\":\"2024-01-12T08:17:52+00:00\",\"breadcrumb\":{\"@id\":\"https:\/\/www.bada.es\/fr\/legal-notice\/#breadcrumb\"},\"inLanguage\":\"fr-FR\",\"potentialAction\":[{\"@type\":\"ReadAction\",\"target\":[\"https:\/\/www.bada.es\/fr\/legal-notice\/\"]}]},{\"@type\":\"BreadcrumbList\",\"@id\":\"https:\/\/www.bada.es\/fr\/legal-notice\/#breadcrumb\",\"itemListElement\":[{\"@type\":\"ListItem\",\"position\":1,\"name\":\"Inici\",\"item\":\"https:\/\/www.bada.es\/fr\/\"},{\"@type\":\"ListItem\",\"position\":2,\"name\":\"Mentions l\u00e9gales et Politique de confidentialit\u00e9\"}]},{\"@type\":\"WebSite\",\"@id\":\"https:\/\/www.bada.es\/fr\/#website\",\"url\":\"https:\/\/www.bada.es\/fr\/\",\"name\":\"BADA S.A. Fils el\u00e0stics\",\"description\":\"BADA S.A. Fils el\u00e0stics recoberts des del 1955.\",\"publisher\":{\"@id\":\"https:\/\/www.bada.es\/fr\/#organization\"},\"potentialAction\":[{\"@type\":\"SearchAction\",\"target\":{\"@type\":\"EntryPoint\",\"urlTemplate\":\"https:\/\/www.bada.es\/fr\/?s={search_term_string}\"},\"query-input\":\"required name=search_term_string\"}],\"inLanguage\":\"fr-FR\"},{\"@type\":\"Organization\",\"@id\":\"https:\/\/www.bada.es\/fr\/#organization\",\"name\":\"BADA S.A. Fils el\u00e0stics\",\"url\":\"https:\/\/www.bada.es\/fr\/\",\"logo\":{\"@type\":\"ImageObject\",\"inLanguage\":\"fr-FR\",\"@id\":\"https:\/\/www.bada.es\/fr\/#\/schema\/logo\/image\/\",\"url\":\"https:\/\/www.bada.es\/wp-content\/uploads\/2023\/12\/logo_bada.png\",\"contentUrl\":\"https:\/\/www.bada.es\/wp-content\/uploads\/2023\/12\/logo_bada.png\",\"width\":250,\"height\":65,\"caption\":\"BADA S.A. Fils el\u00e0stics\"},\"image\":{\"@id\":\"https:\/\/www.bada.es\/fr\/#\/schema\/logo\/image\/\"}}]}<\/script>\n<!-- \/ Yoast SEO plugin. -->","yoast_head_json":{"title":"Mentions l\u00e9gales et Politique de confidentialit\u00e9 - BADA S.A. Fils el\u00e0stics","robots":{"index":"index","follow":"follow","max-snippet":"max-snippet:-1","max-image-preview":"max-image-preview:large","max-video-preview":"max-video-preview:-1"},"canonical":"https:\/\/www.bada.es\/fr\/legal-notice\/","og_locale":"fr_FR","og_type":"article","og_title":"Mentions l\u00e9gales et Politique de confidentialit\u00e9 - BADA S.A. Fils el\u00e0stics","og_description":"RESPONSIBILITY FOR THE PROCESSING OF DATA In compliance with the reporting obligations established by Law 34\/2002, of 11 July, covering Information Society and Electronic Commerce Services, this is to inform you that this website is the property of: Company name: BADA S.A. (hereinafter the Company Manager)CIF \/ NIF: A08349839.Registered Office: Carrer Antoni Gaud\u00ed, 7 \u2013 [&hellip;]","og_url":"https:\/\/www.bada.es\/fr\/legal-notice\/","og_site_name":"BADA S.A. Fils el\u00e0stics","article_modified_time":"2024-01-12T08:17:52+00:00","twitter_card":"summary_large_image","twitter_misc":{"Dur\u00e9e de lecture estim\u00e9e":"10 minutes"},"schema":{"@context":"https:\/\/schema.org","@graph":[{"@type":"WebPage","@id":"https:\/\/www.bada.es\/fr\/legal-notice\/","url":"https:\/\/www.bada.es\/fr\/legal-notice\/","name":"Mentions l\u00e9gales et Politique de confidentialit\u00e9 - BADA S.A. Fils el\u00e0stics","isPartOf":{"@id":"https:\/\/www.bada.es\/fr\/#website"},"datePublished":"2023-12-11T22:00:27+00:00","dateModified":"2024-01-12T08:17:52+00:00","breadcrumb":{"@id":"https:\/\/www.bada.es\/fr\/legal-notice\/#breadcrumb"},"inLanguage":"fr-FR","potentialAction":[{"@type":"ReadAction","target":["https:\/\/www.bada.es\/fr\/legal-notice\/"]}]},{"@type":"BreadcrumbList","@id":"https:\/\/www.bada.es\/fr\/legal-notice\/#breadcrumb","itemListElement":[{"@type":"ListItem","position":1,"name":"Inici","item":"https:\/\/www.bada.es\/fr\/"},{"@type":"ListItem","position":2,"name":"Mentions l\u00e9gales et Politique de confidentialit\u00e9"}]},{"@type":"WebSite","@id":"https:\/\/www.bada.es\/fr\/#website","url":"https:\/\/www.bada.es\/fr\/","name":"BADA S.A. Fils el\u00e0stics","description":"BADA S.A. Fils el\u00e0stics recoberts des del 1955.","publisher":{"@id":"https:\/\/www.bada.es\/fr\/#organization"},"potentialAction":[{"@type":"SearchAction","target":{"@type":"EntryPoint","urlTemplate":"https:\/\/www.bada.es\/fr\/?s={search_term_string}"},"query-input":"required name=search_term_string"}],"inLanguage":"fr-FR"},{"@type":"Organization","@id":"https:\/\/www.bada.es\/fr\/#organization","name":"BADA S.A. Fils el\u00e0stics","url":"https:\/\/www.bada.es\/fr\/","logo":{"@type":"ImageObject","inLanguage":"fr-FR","@id":"https:\/\/www.bada.es\/fr\/#\/schema\/logo\/image\/","url":"https:\/\/www.bada.es\/wp-content\/uploads\/2023\/12\/logo_bada.png","contentUrl":"https:\/\/www.bada.es\/wp-content\/uploads\/2023\/12\/logo_bada.png","width":250,"height":65,"caption":"BADA S.A. Fils el\u00e0stics"},"image":{"@id":"https:\/\/www.bada.es\/fr\/#\/schema\/logo\/image\/"}}]}},"_links":{"self":[{"href":"https:\/\/www.bada.es\/fr\/wp-json\/wp\/v2\/pages\/321","targetHints":{"allow":["GET"]}}],"collection":[{"href":"https:\/\/www.bada.es\/fr\/wp-json\/wp\/v2\/pages"}],"about":[{"href":"https:\/\/www.bada.es\/fr\/wp-json\/wp\/v2\/types\/page"}],"author":[{"embeddable":true,"href":"https:\/\/www.bada.es\/fr\/wp-json\/wp\/v2\/users\/1"}],"replies":[{"embeddable":true,"href":"https:\/\/www.bada.es\/fr\/wp-json\/wp\/v2\/comments?post=321"}],"version-history":[{"count":13,"href":"https:\/\/www.bada.es\/fr\/wp-json\/wp\/v2\/pages\/321\/revisions"}],"predecessor-version":[{"id":556,"href":"https:\/\/www.bada.es\/fr\/wp-json\/wp\/v2\/pages\/321\/revisions\/556"}],"wp:attachment":[{"href":"https:\/\/www.bada.es\/fr\/wp-json\/wp\/v2\/media?parent=321"}],"curies":[{"name":"wp","href":"https:\/\/api.w.org\/{rel}","templated":true}]}}