{"id":327,"date":"2023-12-11T22:59:19","date_gmt":"2023-12-11T21:59:19","guid":{"rendered":"https:\/\/www.bada.es\/politica-de-cookies\/"},"modified":"2024-11-12T09:53:10","modified_gmt":"2024-11-12T08:53:10","slug":"cookies-policy","status":"publish","type":"page","link":"https:\/\/www.bada.es\/fr\/cookies-policy\/","title":{"rendered":"Politique de Cookies"},"content":{"rendered":"\t\t<div data-elementor-type=\"wp-page\" data-elementor-id=\"327\" class=\"elementor elementor-327 elementor-265\" data-elementor-post-type=\"page\">\n\t\t\t\t\t\t\t<div class=\"elementor-element elementor-element-71b6777c e-flex e-con-boxed e-con e-parent\" data-id=\"71b6777c\" data-element_type=\"container\" data-settings=\"{&quot;content_width&quot;:&quot;boxed&quot;}\" data-core-v316-plus=\"true\">\n\t\t\t\t\t<div class=\"e-con-inner\">\n\t\t\t\t<div class=\"elementor-element elementor-element-df09539 elementor-widget elementor-widget-heading\" data-id=\"df09539\" data-element_type=\"widget\" data-widget_type=\"heading.default\">\n\t\t\t\t<div class=\"elementor-widget-container\">\n\t\t\t<style>\/*! elementor - v3.18.0 - 20-12-2023 *\/\n.elementor-heading-title{padding:0;margin:0;line-height:1}.elementor-widget-heading .elementor-heading-title[class*=elementor-size-]>a{color:inherit;font-size:inherit;line-height:inherit}.elementor-widget-heading .elementor-heading-title.elementor-size-small{font-size:15px}.elementor-widget-heading .elementor-heading-title.elementor-size-medium{font-size:19px}.elementor-widget-heading .elementor-heading-title.elementor-size-large{font-size:29px}.elementor-widget-heading .elementor-heading-title.elementor-size-xl{font-size:39px}.elementor-widget-heading .elementor-heading-title.elementor-size-xxl{font-size:59px}<\/style><h1 class=\"elementor-heading-title elementor-size-default\">Politique de Cookies<\/h1>\t\t<\/div>\n\t\t\t\t<\/div>\n\t\t\t\t<div class=\"elementor-element elementor-element-d93dbed elementor-widget elementor-widget-text-editor\" data-id=\"d93dbed\" data-element_type=\"widget\" data-widget_type=\"text-editor.default\">\n\t\t\t\t<div class=\"elementor-widget-container\">\n\t\t\t<style>\/*! elementor - v3.18.0 - 20-12-2023 *\/\n.elementor-widget-text-editor.elementor-drop-cap-view-stacked .elementor-drop-cap{background-color:#69727d;color:#fff}.elementor-widget-text-editor.elementor-drop-cap-view-framed .elementor-drop-cap{color:#69727d;border:3px solid;background-color:transparent}.elementor-widget-text-editor:not(.elementor-drop-cap-view-default) .elementor-drop-cap{margin-top:8px}.elementor-widget-text-editor:not(.elementor-drop-cap-view-default) .elementor-drop-cap-letter{width:1em;height:1em}.elementor-widget-text-editor .elementor-drop-cap{float:left;text-align:center;line-height:1;font-size:50px}.elementor-widget-text-editor .elementor-drop-cap-letter{display:inline-block}<\/style>\t\t\t\t<div><p><strong>\u00das de galetes<\/strong><\/p><\/div><p>Les galetes s\u00f3n breus informacions que s\u2019envien i emmagatzemen en el disc dur de l\u2019ordinador de l\u2019usuari a trav\u00e9s del seu navegador quan aquest es connecta a un web. Les galetes es poden utilitzar per a recavar i emmagatzemar dades de l\u2019usuari mentre est\u00e0 connectat per a facilitar-li els serveis sol\u00b7licitats i que no se solen conservar (galetes de sessi\u00f3), o per a conservar les dades de l\u2019usuari per a un altre tipus de serveis futurs i que es puguin conservar per temps indefinits (galetes persistents). Les galetes poden ser pr\u00f2pies o de tercers.<\/p><p>Existeixen diferents tipus de galetes:<\/p><p><strong>Galetes t\u00e8cniques<\/strong>\u00a0que faciliten la navegaci\u00f3 de l\u2019usuari i la utilitzaci\u00f3 de les diferents opcions o serveis que ofereix el web com identificar la sessi\u00f3, permetre l\u2019acc\u00e9s a determinades \u00e0rees, facilitar comandes, compres, complimentaci\u00f3 de formularis, inscripcions, seguretat, facilitar funcionalitats (v\u00eddeos, xarxes socials, etc)<\/p><p><strong>Galetes de personalitzaci\u00f3<\/strong>\u00a0que permeten a l\u2019usuari accedir als serveis segons les seves prefer\u00e8ncies (idioma, navegador, configuraci\u00f3, etc.).<\/p><p><strong>Galetes d\u2019an\u00e0lisi\u00a0<\/strong>que permeten l\u2019an\u00e0lisi an\u00f2nim del comportament dels usuaris del web i que permeten mesurar l\u2019activitat de l\u2019usuari i elaborar perfils de navegaci\u00f3 amb l\u2019objectiu de millorar els lloc web.<\/p><p><strong>Galetes publicit\u00e0ries<\/strong>\u00a0que permeten la gesti\u00f3 dels espais publicitaris del web.<\/p><p><strong>Galetes de publicitat personalitzada\u00a0<\/strong>que permeten la gesti\u00f3 dels espais publicitaris del web en base al comportament i h\u00e0bits de navegaci\u00f3 de l\u2019usuari d\u2019on s\u2019obt\u00e9 el seu perfil i aquest fet permet personalitzar la publicitat que es mostra en el navegador de l\u2019usuari.<\/p><p>Bada S.A. nom\u00e9s utilitza galetes t\u00e8cniques de personalitzaci\u00f3 i an\u00e0lisi, pr\u00f2pies i de tercers, que en cap cas tracten dades de car\u00e0cter personal ni capten h\u00e0bits de navegaci\u00f3 per a finalitats publicit\u00e0ries. De totes maneres, l\u2019informem que pot activar o desactivar aquestes galetes seguint les instruccions del seu navegador d\u2019internet.<\/p><p><strong><em>wp-wpml_current_language<\/em><\/strong><br \/><em>Prop\u00f2sit:Designates the country code that is calculated based on the user&rsquo;s IP address. Used to determine what language should be used for the visitor.<br \/>Durada m\u00e0xima de l&#8217;emmagatzematge: Sessi\u00f3<br \/>Tipus: Cookie HTTP<\/em><\/p><p><strong>Legislaci\u00f3 aplicable<\/strong><\/p><p>Les condicions generals d\u2019\u00fas i la resta de condicions legals del lloc web es regeixen en tots i cadascun dels seus extrems per la llei espanyola.<\/p>\t\t\t\t\t\t<\/div>\n\t\t\t\t<\/div>\n\t\t\t\t\t<\/div>\n\t\t\t\t<\/div>\n\t\t\t\t\t\t\t<\/div>\n\t\t","protected":false},"excerpt":{"rendered":"<p>\u00das de galetes Les galetes s\u00f3n breus informacions que s\u2019envien i emmagatzemen en el disc dur de l\u2019ordinador de l\u2019usuari a trav\u00e9s del seu navegador quan aquest es connecta a un web. Les galetes es poden utilitzar per a recavar i emmagatzemar dades de l\u2019usuari mentre est\u00e0 connectat per a facilitar-li els serveis sol\u00b7licitats i [&hellip;]<\/p>\n","protected":false},"author":1,"featured_media":0,"parent":0,"menu_order":0,"comment_status":"closed","ping_status":"open","template":"","meta":{"footnotes":""},"class_list":["post-327","page","type-page","status-publish","hentry"],"yoast_head":"<!-- This site is optimized with the Yoast SEO plugin v21.7 - https:\/\/yoast.com\/wordpress\/plugins\/seo\/ -->\n<title>Politique de Cookies - BADA S.A. Fils el\u00e0stics<\/title>\n<meta name=\"robots\" content=\"index, follow, max-snippet:-1, max-image-preview:large, max-video-preview:-1\" \/>\n<link rel=\"canonical\" href=\"https:\/\/www.bada.es\/fr\/cookies-policy\/\" \/>\n<meta property=\"og:locale\" content=\"fr_FR\" \/>\n<meta property=\"og:type\" content=\"article\" \/>\n<meta property=\"og:title\" content=\"Politique de Cookies - BADA S.A. Fils el\u00e0stics\" \/>\n<meta property=\"og:description\" content=\"\u00das de galetes Les galetes s\u00f3n breus informacions que s\u2019envien i emmagatzemen en el disc dur de l\u2019ordinador de l\u2019usuari a trav\u00e9s del seu navegador quan aquest es connecta a un web. Les galetes es poden utilitzar per a recavar i emmagatzemar dades de l\u2019usuari mentre est\u00e0 connectat per a facilitar-li els serveis sol\u00b7licitats i [&hellip;]\" \/>\n<meta property=\"og:url\" content=\"https:\/\/www.bada.es\/fr\/cookies-policy\/\" \/>\n<meta property=\"og:site_name\" content=\"BADA S.A. Fils el\u00e0stics\" \/>\n<meta property=\"article:modified_time\" content=\"2024-11-12T08:53:10+00:00\" \/>\n<meta name=\"twitter:card\" content=\"summary_large_image\" \/>\n<meta name=\"twitter:label1\" content=\"Dur\u00e9e de lecture estim\u00e9e\" \/>\n\t<meta name=\"twitter:data1\" content=\"2 minutes\" \/>\n<script type=\"application\/ld+json\" class=\"yoast-schema-graph\">{\"@context\":\"https:\/\/schema.org\",\"@graph\":[{\"@type\":\"WebPage\",\"@id\":\"https:\/\/www.bada.es\/fr\/cookies-policy\/\",\"url\":\"https:\/\/www.bada.es\/fr\/cookies-policy\/\",\"name\":\"Politique de Cookies - BADA S.A. Fils el\u00e0stics\",\"isPartOf\":{\"@id\":\"https:\/\/www.bada.es\/fr\/#website\"},\"datePublished\":\"2023-12-11T21:59:19+00:00\",\"dateModified\":\"2024-11-12T08:53:10+00:00\",\"breadcrumb\":{\"@id\":\"https:\/\/www.bada.es\/fr\/cookies-policy\/#breadcrumb\"},\"inLanguage\":\"fr-FR\",\"potentialAction\":[{\"@type\":\"ReadAction\",\"target\":[\"https:\/\/www.bada.es\/fr\/cookies-policy\/\"]}]},{\"@type\":\"BreadcrumbList\",\"@id\":\"https:\/\/www.bada.es\/fr\/cookies-policy\/#breadcrumb\",\"itemListElement\":[{\"@type\":\"ListItem\",\"position\":1,\"name\":\"Inici\",\"item\":\"https:\/\/www.bada.es\/fr\/\"},{\"@type\":\"ListItem\",\"position\":2,\"name\":\"Politique de Cookies\"}]},{\"@type\":\"WebSite\",\"@id\":\"https:\/\/www.bada.es\/fr\/#website\",\"url\":\"https:\/\/www.bada.es\/fr\/\",\"name\":\"BADA S.A. Fils el\u00e0stics\",\"description\":\"BADA S.A. Fils el\u00e0stics recoberts des del 1955.\",\"publisher\":{\"@id\":\"https:\/\/www.bada.es\/fr\/#organization\"},\"potentialAction\":[{\"@type\":\"SearchAction\",\"target\":{\"@type\":\"EntryPoint\",\"urlTemplate\":\"https:\/\/www.bada.es\/fr\/?s={search_term_string}\"},\"query-input\":\"required name=search_term_string\"}],\"inLanguage\":\"fr-FR\"},{\"@type\":\"Organization\",\"@id\":\"https:\/\/www.bada.es\/fr\/#organization\",\"name\":\"BADA S.A. Fils el\u00e0stics\",\"url\":\"https:\/\/www.bada.es\/fr\/\",\"logo\":{\"@type\":\"ImageObject\",\"inLanguage\":\"fr-FR\",\"@id\":\"https:\/\/www.bada.es\/fr\/#\/schema\/logo\/image\/\",\"url\":\"https:\/\/www.bada.es\/wp-content\/uploads\/2023\/12\/logo_bada.png\",\"contentUrl\":\"https:\/\/www.bada.es\/wp-content\/uploads\/2023\/12\/logo_bada.png\",\"width\":250,\"height\":65,\"caption\":\"BADA S.A. Fils el\u00e0stics\"},\"image\":{\"@id\":\"https:\/\/www.bada.es\/fr\/#\/schema\/logo\/image\/\"}}]}<\/script>\n<!-- \/ Yoast SEO plugin. -->","yoast_head_json":{"title":"Politique de Cookies - BADA S.A. Fils el\u00e0stics","robots":{"index":"index","follow":"follow","max-snippet":"max-snippet:-1","max-image-preview":"max-image-preview:large","max-video-preview":"max-video-preview:-1"},"canonical":"https:\/\/www.bada.es\/fr\/cookies-policy\/","og_locale":"fr_FR","og_type":"article","og_title":"Politique de Cookies - BADA S.A. Fils el\u00e0stics","og_description":"\u00das de galetes Les galetes s\u00f3n breus informacions que s\u2019envien i emmagatzemen en el disc dur de l\u2019ordinador de l\u2019usuari a trav\u00e9s del seu navegador quan aquest es connecta a un web. Les galetes es poden utilitzar per a recavar i emmagatzemar dades de l\u2019usuari mentre est\u00e0 connectat per a facilitar-li els serveis sol\u00b7licitats i [&hellip;]","og_url":"https:\/\/www.bada.es\/fr\/cookies-policy\/","og_site_name":"BADA S.A. Fils el\u00e0stics","article_modified_time":"2024-11-12T08:53:10+00:00","twitter_card":"summary_large_image","twitter_misc":{"Dur\u00e9e de lecture estim\u00e9e":"2 minutes"},"schema":{"@context":"https:\/\/schema.org","@graph":[{"@type":"WebPage","@id":"https:\/\/www.bada.es\/fr\/cookies-policy\/","url":"https:\/\/www.bada.es\/fr\/cookies-policy\/","name":"Politique de Cookies - BADA S.A. Fils el\u00e0stics","isPartOf":{"@id":"https:\/\/www.bada.es\/fr\/#website"},"datePublished":"2023-12-11T21:59:19+00:00","dateModified":"2024-11-12T08:53:10+00:00","breadcrumb":{"@id":"https:\/\/www.bada.es\/fr\/cookies-policy\/#breadcrumb"},"inLanguage":"fr-FR","potentialAction":[{"@type":"ReadAction","target":["https:\/\/www.bada.es\/fr\/cookies-policy\/"]}]},{"@type":"BreadcrumbList","@id":"https:\/\/www.bada.es\/fr\/cookies-policy\/#breadcrumb","itemListElement":[{"@type":"ListItem","position":1,"name":"Inici","item":"https:\/\/www.bada.es\/fr\/"},{"@type":"ListItem","position":2,"name":"Politique de Cookies"}]},{"@type":"WebSite","@id":"https:\/\/www.bada.es\/fr\/#website","url":"https:\/\/www.bada.es\/fr\/","name":"BADA S.A. Fils el\u00e0stics","description":"BADA S.A. Fils el\u00e0stics recoberts des del 1955.","publisher":{"@id":"https:\/\/www.bada.es\/fr\/#organization"},"potentialAction":[{"@type":"SearchAction","target":{"@type":"EntryPoint","urlTemplate":"https:\/\/www.bada.es\/fr\/?s={search_term_string}"},"query-input":"required name=search_term_string"}],"inLanguage":"fr-FR"},{"@type":"Organization","@id":"https:\/\/www.bada.es\/fr\/#organization","name":"BADA S.A. Fils el\u00e0stics","url":"https:\/\/www.bada.es\/fr\/","logo":{"@type":"ImageObject","inLanguage":"fr-FR","@id":"https:\/\/www.bada.es\/fr\/#\/schema\/logo\/image\/","url":"https:\/\/www.bada.es\/wp-content\/uploads\/2023\/12\/logo_bada.png","contentUrl":"https:\/\/www.bada.es\/wp-content\/uploads\/2023\/12\/logo_bada.png","width":250,"height":65,"caption":"BADA S.A. Fils el\u00e0stics"},"image":{"@id":"https:\/\/www.bada.es\/fr\/#\/schema\/logo\/image\/"}}]}},"_links":{"self":[{"href":"https:\/\/www.bada.es\/fr\/wp-json\/wp\/v2\/pages\/327","targetHints":{"allow":["GET"]}}],"collection":[{"href":"https:\/\/www.bada.es\/fr\/wp-json\/wp\/v2\/pages"}],"about":[{"href":"https:\/\/www.bada.es\/fr\/wp-json\/wp\/v2\/types\/page"}],"author":[{"embeddable":true,"href":"https:\/\/www.bada.es\/fr\/wp-json\/wp\/v2\/users\/1"}],"replies":[{"embeddable":true,"href":"https:\/\/www.bada.es\/fr\/wp-json\/wp\/v2\/comments?post=327"}],"version-history":[{"count":5,"href":"https:\/\/www.bada.es\/fr\/wp-json\/wp\/v2\/pages\/327\/revisions"}],"predecessor-version":[{"id":684,"href":"https:\/\/www.bada.es\/fr\/wp-json\/wp\/v2\/pages\/327\/revisions\/684"}],"wp:attachment":[{"href":"https:\/\/www.bada.es\/fr\/wp-json\/wp\/v2\/media?parent=327"}],"curies":[{"name":"wp","href":"https:\/\/api.w.org\/{rel}","templated":true}]}}